{"id":741,"date":"2025-06-14T07:51:49","date_gmt":"2025-06-14T05:51:49","guid":{"rendered":"https:\/\/areducons.com\/?page_id=741"},"modified":"2025-06-14T11:29:55","modified_gmt":"2025-06-14T09:29:55","slug":"eotvos-lorand-university","status":"publish","type":"page","link":"https:\/\/areducons.com\/index.php\/hungary\/eotvos-lorand-university\/","title":{"rendered":"eotvos-lorand-university"},"content":{"rendered":"\t\t<div data-elementor-type=\"wp-page\" data-elementor-id=\"741\" class=\"elementor elementor-741\">\n\t\t\t\t<div class=\"elementor-element elementor-element-a03ef28 e-flex e-con-boxed e-con e-parent\" data-id=\"a03ef28\" data-element_type=\"container\" data-e-type=\"container\">\n\t\t\t\t\t<div class=\"e-con-inner\">\n\t\t\t\t<div class=\"elementor-element elementor-element-cecf2f9 elementor-widget elementor-widget-heading\" data-id=\"cecf2f9\" data-element_type=\"widget\" data-e-type=\"widget\" data-widget_type=\"heading.default\">\n\t\t\t\t<div class=\"elementor-widget-container\">\n\t\t\t\t\t<h1 class=\"elementor-heading-title elementor-size-default\">E\u00d6TV\u00d6S LOR\u00c1ND UNIVERSITY<\/h1>\t\t\t\t<\/div>\n\t\t\t\t<\/div>\n\t\t\t\t\t<\/div>\n\t\t\t\t<\/div>\n\t\t<div class=\"elementor-element elementor-element-6d1cbf1 e-flex e-con-boxed e-con e-parent\" data-id=\"6d1cbf1\" data-element_type=\"container\" data-e-type=\"container\">\n\t\t\t\t\t<div class=\"e-con-inner\">\n\t\t\t\t<div class=\"elementor-element elementor-element-f0c98dd elementor-invisible elementor-widget elementor-widget-image\" data-id=\"f0c98dd\" data-element_type=\"widget\" data-e-type=\"widget\" data-settings=\"{&quot;_animation&quot;:&quot;fadeIn&quot;}\" data-widget_type=\"image.default\">\n\t\t\t\t<div class=\"elementor-widget-container\">\n\t\t\t\t\t\t\t\t\t\t\t\t\t\t\t<img fetchpriority=\"high\" decoding=\"async\" width=\"575\" height=\"553\" src=\"https:\/\/areducons.com\/wp-content\/uploads\/2025\/04\/eotvos-lorand-university-1-e1745323941178.png\" class=\"attachment-large size-large wp-image-625\" alt=\"\" \/>\t\t\t\t\t\t\t\t\t\t\t\t\t\t\t<\/div>\n\t\t\t\t<\/div>\n\t\t\t\t\t<\/div>\n\t\t\t\t<\/div>\n\t\t<div class=\"elementor-element elementor-element-486aa0f e-flex e-con-boxed e-con e-parent\" data-id=\"486aa0f\" data-element_type=\"container\" data-e-type=\"container\">\n\t\t\t\t\t<div class=\"e-con-inner\">\n\t\t\t\t<div class=\"elementor-element elementor-element-5270bf0 elementor-widget elementor-widget-heading\" data-id=\"5270bf0\" data-element_type=\"widget\" data-e-type=\"widget\" data-widget_type=\"heading.default\">\n\t\t\t\t<div class=\"elementor-widget-container\">\n\t\t\t\t\t<h3 class=\"elementor-heading-title elementor-size-default\">701-710 in QS World University Rankings 2024<\/h3>\t\t\t\t<\/div>\n\t\t\t\t<\/div>\n\t\t\t\t\t<\/div>\n\t\t\t\t<\/div>\n\t\t<div class=\"elementor-element elementor-element-12545c4 e-con-full e-flex e-con e-parent\" data-id=\"12545c4\" data-element_type=\"container\" data-e-type=\"container\">\n\t\t<div class=\"elementor-element elementor-element-0b677c1 e-con-full e-flex e-con e-child\" data-id=\"0b677c1\" data-element_type=\"container\" data-e-type=\"container\">\n\t\t\t\t<div class=\"elementor-element elementor-element-17bd12d elementor-widget elementor-widget-heading\" data-id=\"17bd12d\" data-element_type=\"widget\" data-e-type=\"widget\" data-widget_type=\"heading.default\">\n\t\t\t\t<div class=\"elementor-widget-container\">\n\t\t\t\t\t<h1 class=\"elementor-heading-title elementor-size-default\">Bachelor Programs<\/h1>\t\t\t\t<\/div>\n\t\t\t\t<\/div>\n\t\t\t\t<div class=\"elementor-element elementor-element-c634636 elementor-widget elementor-widget-html\" data-id=\"c634636\" data-element_type=\"widget\" data-e-type=\"widget\" data-widget_type=\"html.default\">\n\t\t\t\t<div class=\"elementor-widget-container\">\n\t\t\t\t\t<style>\r\n    *{\r\n        text-align: center;\r\n    }\r\n    \r\n    .table{\r\n        margin-top: 2vh;\r\n        margin-bottom: 7vh;\r\n    }\r\n<\/style>\r\n    <div>\r\n      <div class=\"table\">\r\n      <table class=\"table table-striped table-bordered\">\r\n      <thead>\r\n      <tr>\r\n      <th scope=\"col\">&nbsp;<\/th>\r\n      <td scope=\"col\"><b>Course List<\/b><\/td>\r\n      <\/tr>\r\n      <\/thead>\r\n      <tbody>\r\n      <tr>\r\n      <th scope=\"row\">1<\/th>\r\n      <td>Bachelor In Mechanical Engineer (BSc)<\/td>\r\n      <\/tr>\r\n      <tr>\r\n      <th scope=\"row\">2<\/th>\r\n      <td>Bachelor In International Relations (BA)<\/td>\r\n      <\/tr>\r\n      <tr>\r\n      <th scope=\"row\">3<\/th>\r\n      <td>International Business Economics (BA)<\/td>\r\n      <\/tr>\r\n      <tr>\r\n      <th scope=\"row\">4<\/th>\r\n      <td>Bachelor In Computer Scientist (BSc)<\/td>\r\n      <\/tr>\r\n      <tr>\r\n      <th scope=\"row\">5<\/th>\r\n      <td>Economist in Finance and Accounting (BA)<\/td>\r\n      <\/tr>\r\n      <\/tbody>\r\n      <\/table>\r\n      <\/div>\r\n    <\/div>\r\n\r\n\t\t\t\t<\/div>\n\t\t\t\t<\/div>\n\t\t\t\t<\/div>\n\t\t<div class=\"elementor-element elementor-element-7a66e13 e-con-full e-flex e-con e-child\" data-id=\"7a66e13\" data-element_type=\"container\" data-e-type=\"container\">\n\t\t\t\t<div class=\"elementor-element elementor-element-10e6582 elementor-widget elementor-widget-heading\" data-id=\"10e6582\" data-element_type=\"widget\" data-e-type=\"widget\" data-widget_type=\"heading.default\">\n\t\t\t\t<div class=\"elementor-widget-container\">\n\t\t\t\t\t<h1 class=\"elementor-heading-title elementor-size-default\">Master's Programs<\/h1>\t\t\t\t<\/div>\n\t\t\t\t<\/div>\n\t\t\t\t<div class=\"elementor-element elementor-element-3cdcfd6 elementor-widget elementor-widget-html\" data-id=\"3cdcfd6\" data-element_type=\"widget\" data-e-type=\"widget\" data-widget_type=\"html.default\">\n\t\t\t\t<div class=\"elementor-widget-container\">\n\t\t\t\t\t    <div>\r\n      <div class=\"table\">\r\n      <table class=\"table table-striped table-bordered\">\r\n      <thead>\r\n      <tr>\r\n      <th scope=\"col\">&nbsp;<\/th>\r\n      <td scope=\"col\"><b>Course List<\/b><\/td>\r\n      <\/tr>\r\n      <\/thead>\r\n      <tbody>\r\n      <tr>\r\n      <th scope=\"row\">1<\/th>\r\n      <td>Masters In Communications and Media Studies (MA)<\/td>\r\n      <\/tr>\r\n      <tr>\r\n      <th scope=\"row\">2<\/th>\r\n      <td>Human Resource Counselling (MA)<\/td>\r\n      <\/tr>\r\n      <tr>\r\n      <th scope=\"row\">3<\/th>\r\n      <td>International Relations Expert (MA)<\/td>\r\n      <\/tr>\r\n      <tr>\r\n      <th scope=\"row\">4<\/th>\r\n      <td>Masters In Cultural Anthropology (MA)<\/td>\r\n      <\/tr>\r\n      <tr>\r\n      <th scope=\"row\">5<\/th>\r\n      <td>Master of Science (MSc) in Mechanical Engineering<\/td>\r\n      <\/tr>\r\n      <tr>\r\n      <th scope=\"row\">6<\/th>\r\n      <td>Computer Science MSc-Financial Technology specialization<\/td>\r\n      <\/tr>\r\n      <tr>\r\n      <th scope=\"row\">7<\/th>\r\n      <td>Computer Science MSc-Software and Service Architectures specialization<\/td>\r\n      <\/tr>\r\n      <tr>\r\n      <th scope=\"row\">8<\/th>\r\n      <td>Computer Science MSc-Cyber security specialization<\/td>\r\n      <\/tr>\r\n      <tr>\r\n      <th scope=\"row\">9<\/th>\r\n      <td>Computer Scientist (MSc)<\/td>\r\n      <\/tr>\r\n      <tr>\r\n      <th scope=\"row\">10<\/th>\r\n      <td>Social Policy (MA)<\/td>\r\n      <\/tr>\r\n      <\/tbody>\r\n      <\/table>\r\n      <\/div>\r\n    <\/div>\t\t\t\t<\/div>\n\t\t\t\t<\/div>\n\t\t\t\t<\/div>\n\t\t\t\t<\/div>\n\t\t\t\t<\/div>\n\t\t","protected":false},"excerpt":{"rendered":"<p>E\u00d6TV\u00d6S LOR\u00c1ND UNIVERSITY 701-710 in QS World University Rankings 2024 Bachelor Programs &nbsp; Course List 1 Bachelor In Mechanical Engineer (BSc) 2 Bachelor In International Relations (BA) 3 International Business Economics (BA) 4 Bachelor In Computer Scientist (BSc) 5 Economist in Finance and Accounting (BA) Master&#8217;s Programs &nbsp; Course List 1 Masters In Communications and Media Studies (MA) 2 Human [&hellip;]<\/p>\n","protected":false},"author":1,"featured_media":0,"parent":538,"menu_order":0,"comment_status":"closed","ping_status":"closed","template":"page-templates\/full-width-container.php","meta":{"footnotes":""},"class_list":["post-741","page","type-page","status-publish","hentry"],"_links":{"self":[{"href":"https:\/\/areducons.com\/index.php\/wp-json\/wp\/v2\/pages\/741","targetHints":{"allow":["GET"]}}],"collection":[{"href":"https:\/\/areducons.com\/index.php\/wp-json\/wp\/v2\/pages"}],"about":[{"href":"https:\/\/areducons.com\/index.php\/wp-json\/wp\/v2\/types\/page"}],"author":[{"embeddable":true,"href":"https:\/\/areducons.com\/index.php\/wp-json\/wp\/v2\/users\/1"}],"replies":[{"embeddable":true,"href":"https:\/\/areducons.com\/index.php\/wp-json\/wp\/v2\/comments?post=741"}],"version-history":[{"count":10,"href":"https:\/\/areducons.com\/index.php\/wp-json\/wp\/v2\/pages\/741\/revisions"}],"predecessor-version":[{"id":820,"href":"https:\/\/areducons.com\/index.php\/wp-json\/wp\/v2\/pages\/741\/revisions\/820"}],"up":[{"embeddable":true,"href":"https:\/\/areducons.com\/index.php\/wp-json\/wp\/v2\/pages\/538"}],"wp:attachment":[{"href":"https:\/\/areducons.com\/index.php\/wp-json\/wp\/v2\/media?parent=741"}],"curies":[{"name":"wp","href":"https:\/\/api.w.org\/{rel}","templated":true}]}}