{"id":763,"date":"2025-06-14T08:31:10","date_gmt":"2025-06-14T06:31:10","guid":{"rendered":"https:\/\/areducons.com\/?page_id=763"},"modified":"2025-06-14T11:34:16","modified_gmt":"2025-06-14T09:34:16","slug":"mate-university","status":"publish","type":"page","link":"https:\/\/areducons.com\/index.php\/hungary\/mate-university\/","title":{"rendered":"mate-university"},"content":{"rendered":"\t\t<div data-elementor-type=\"wp-page\" data-elementor-id=\"763\" class=\"elementor elementor-763\">\n\t\t\t\t<div class=\"elementor-element elementor-element-a03ef28 e-flex e-con-boxed e-con e-parent\" data-id=\"a03ef28\" data-element_type=\"container\" data-e-type=\"container\">\n\t\t\t\t\t<div class=\"e-con-inner\">\n\t\t\t\t<div class=\"elementor-element elementor-element-cecf2f9 elementor-widget elementor-widget-heading\" data-id=\"cecf2f9\" data-element_type=\"widget\" data-e-type=\"widget\" data-widget_type=\"heading.default\">\n\t\t\t\t<div class=\"elementor-widget-container\">\n\t\t\t\t\t<h1 class=\"elementor-heading-title elementor-size-default\">MATE UNIVERSITY<\/h1>\t\t\t\t<\/div>\n\t\t\t\t<\/div>\n\t\t\t\t\t<\/div>\n\t\t\t\t<\/div>\n\t\t<div class=\"elementor-element elementor-element-6d1cbf1 e-flex e-con-boxed e-con e-parent\" data-id=\"6d1cbf1\" data-element_type=\"container\" data-e-type=\"container\">\n\t\t\t\t\t<div class=\"e-con-inner\">\n\t\t\t\t<div class=\"elementor-element elementor-element-f0c98dd elementor-invisible elementor-widget elementor-widget-image\" data-id=\"f0c98dd\" data-element_type=\"widget\" data-e-type=\"widget\" data-settings=\"{&quot;_animation&quot;:&quot;fadeIn&quot;}\" data-widget_type=\"image.default\">\n\t\t\t\t<div class=\"elementor-widget-container\">\n\t\t\t\t\t\t\t\t\t\t\t\t\t\t\t<img fetchpriority=\"high\" decoding=\"async\" width=\"575\" height=\"564\" src=\"https:\/\/areducons.com\/wp-content\/uploads\/2025\/04\/mate-university-e1745324333162.png\" class=\"attachment-large size-large wp-image-616\" alt=\"\" \/>\t\t\t\t\t\t\t\t\t\t\t\t\t\t\t<\/div>\n\t\t\t\t<\/div>\n\t\t\t\t\t<\/div>\n\t\t\t\t<\/div>\n\t\t<div class=\"elementor-element elementor-element-9d8dc37 e-flex e-con-boxed e-con e-parent\" data-id=\"9d8dc37\" data-element_type=\"container\" data-e-type=\"container\">\n\t\t\t\t\t<div class=\"e-con-inner\">\n\t\t\t\t<div class=\"elementor-element elementor-element-b77c44d elementor-widget elementor-widget-heading\" data-id=\"b77c44d\" data-element_type=\"widget\" data-e-type=\"widget\" data-widget_type=\"heading.default\">\n\t\t\t\t<div class=\"elementor-widget-container\">\n\t\t\t\t\t<h3 class=\"elementor-heading-title elementor-size-default\">1001-1200 QS World University Ranking<\/h3>\t\t\t\t<\/div>\n\t\t\t\t<\/div>\n\t\t\t\t\t<\/div>\n\t\t\t\t<\/div>\n\t\t<div class=\"elementor-element elementor-element-ad8ebcf e-flex e-con-boxed e-con e-parent\" data-id=\"ad8ebcf\" data-element_type=\"container\" data-e-type=\"container\">\n\t\t\t\t\t<div class=\"e-con-inner\">\n\t\t<div class=\"elementor-element elementor-element-12fd316 e-con-full e-flex e-con e-child\" data-id=\"12fd316\" data-element_type=\"container\" data-e-type=\"container\">\n\t\t\t\t<div class=\"elementor-element elementor-element-13199b1 elementor-widget elementor-widget-heading\" data-id=\"13199b1\" data-element_type=\"widget\" data-e-type=\"widget\" data-widget_type=\"heading.default\">\n\t\t\t\t<div class=\"elementor-widget-container\">\n\t\t\t\t\t<h1 class=\"elementor-heading-title elementor-size-default\">Bachelor Programs<\/h1>\t\t\t\t<\/div>\n\t\t\t\t<\/div>\n\t\t\t\t<div class=\"elementor-element elementor-element-c634636 elementor-widget elementor-widget-html\" data-id=\"c634636\" data-element_type=\"widget\" data-e-type=\"widget\" data-widget_type=\"html.default\">\n\t\t\t\t<div class=\"elementor-widget-container\">\n\t\t\t\t\t<style>\r\n    *{\r\n        text-align: center;\r\n    }\r\n    \r\n    .table{\r\n        margin-top: 2vh;\r\n        margin-bottom: 7vh;\r\n    }\r\n<\/style>\r\n    <div>\r\n      <div class=\"table\">\r\n      <table class=\"table table-striped table-bordered\">\r\n      <thead>\r\n      <tr>\r\n      <th scope=\"col\">&nbsp;<\/th>\r\n      <td scope=\"col\"><b>Course List<\/b><\/td>\r\n      <\/tr>\r\n      <\/thead>\r\n      <tbody>\r\n      <tr>\r\n      <th scope=\"row\">1<\/th>\r\n      <td>Food Engineering (BSc)<\/td>\r\n      <\/tr>\r\n      <tr>\r\n      <th scope=\"row\">2<\/th>\r\n      <td>Agricultural Engineering (BSc)<\/td>\r\n      <\/tr>\r\n      <tr>\r\n      <th scope=\"row\">3<\/th>\r\n      <td>Business Administration and Management<\/td>\r\n      <\/tr>\r\n      <tr>\r\n      <th scope=\"row\">4<\/th>\r\n      <td>Mechanical Engineering (BSc)<\/td>\r\n      <\/tr>\r\n      <tr>\r\n      <th scope=\"row\">5<\/th>\r\n      <td>Environmental Engineering (BSc)<\/td>\r\n      <\/tr>\r\n      <tr>\r\n      <th scope=\"row\">6<\/th>\r\n      <td>Film and Media Studies (BA), (Kaposv\u00e1r)<\/td>\r\n      <\/tr>\r\n      <tr>\r\n      <th scope=\"row\">7<\/th>\r\n      <td>Tourism and Catering (BA), (Gy\u00f6ngy\u00f6s)<\/td>\r\n      <\/tr>\r\n      <\/tbody>\r\n      <\/table>\r\n      <\/div>\r\n    <\/div>\r\n\t\t\t\t<\/div>\n\t\t\t\t<\/div>\n\t\t\t\t<\/div>\n\t\t<div class=\"elementor-element elementor-element-9c548a4 e-con-full e-flex e-con e-child\" data-id=\"9c548a4\" data-element_type=\"container\" data-e-type=\"container\">\n\t\t\t\t<div class=\"elementor-element elementor-element-1b46213 elementor-widget elementor-widget-heading\" data-id=\"1b46213\" data-element_type=\"widget\" data-e-type=\"widget\" data-widget_type=\"heading.default\">\n\t\t\t\t<div class=\"elementor-widget-container\">\n\t\t\t\t\t<h1 class=\"elementor-heading-title elementor-size-default\">Master's Programs<\/h1>\t\t\t\t<\/div>\n\t\t\t\t<\/div>\n\t\t\t\t<div class=\"elementor-element elementor-element-3cdcfd6 elementor-widget elementor-widget-html\" data-id=\"3cdcfd6\" data-element_type=\"widget\" data-e-type=\"widget\" data-widget_type=\"html.default\">\n\t\t\t\t<div class=\"elementor-widget-container\">\n\t\t\t\t\t    <div>\r\n\r\n      <div class=\"table\">\r\n      <table class=\"table table-striped table-bordered\">\r\n      <thead>\r\n      <tr>\r\n      <th scope=\"col\">&nbsp;<\/th>\r\n      <td scope=\"col\"><b>Course List<\/b><\/td>\r\n      <\/tr>\r\n      <\/thead>\r\n      <tbody>\r\n      <tr>\r\n      <th scope=\"row\">1<\/th>\r\n      <td>Food Safety and Quality Engineering (MSc)<\/td>\r\n      <\/tr>\r\n      <tr>\r\n      <th scope=\"row\">2<\/th>\r\n      <td>Environmental Engineering (MSc)<\/td>\r\n      <\/tr>\r\n      <tr>\r\n      <th scope=\"row\">3<\/th>\r\n      <td>Supply Chain Management (MSc)<\/td>\r\n      <\/tr>\r\n      <tr>\r\n      <th scope=\"row\">4<\/th>\r\n      <td>Mechanical Engineering (MSc)<\/td>\r\n      <\/tr>\r\n      <tr>\r\n      <th scope=\"row\">5<\/th>\r\n      <td>Management and Leadership (MA)<\/td>\r\n      <\/tr>\r\n      <tr>\r\n      <th scope=\"row\">6<\/th>\r\n      <td>Business Development (MA), (Gy\u00f6ngy\u00f6s)<\/td>\r\n      <\/tr>\r\n      <tr>\r\n      <th scope=\"row\">7<\/th>\r\n      <td>Tourism Management (MA), (Gy\u00f6ngy\u00f6s)<\/td>\r\n      <\/tr>\r\n      <\/tbody>\r\n      <\/table>\r\n      <\/div>\r\n    <\/div>\r\n\t\t\t\t<\/div>\n\t\t\t\t<\/div>\n\t\t\t\t<\/div>\n\t\t\t\t\t<\/div>\n\t\t\t\t<\/div>\n\t\t<div class=\"elementor-element elementor-element-8680631 e-grid e-con-boxed e-con e-parent\" data-id=\"8680631\" data-element_type=\"container\" data-e-type=\"container\">\n\t\t\t\t\t<div class=\"e-con-inner\">\n\t\t\t\t\t<\/div>\n\t\t\t\t<\/div>\n\t\t\t\t<\/div>\n\t\t","protected":false},"excerpt":{"rendered":"<p>MATE UNIVERSITY 1001-1200 QS World University Ranking Bachelor Programs &nbsp; Course List 1 Food Engineering (BSc) 2 Agricultural Engineering (BSc) 3 Business Administration and Management 4 Mechanical Engineering (BSc) 5 Environmental Engineering (BSc) 6 Film and Media Studies (BA), (Kaposv\u00e1r) 7 Tourism and Catering (BA), (Gy\u00f6ngy\u00f6s) Master&#8217;s Programs &nbsp; Course List 1 Food Safety and Quality Engineering (MSc) 2 Environmental [&hellip;]<\/p>\n","protected":false},"author":1,"featured_media":0,"parent":538,"menu_order":0,"comment_status":"closed","ping_status":"closed","template":"page-templates\/full-width-container.php","meta":{"footnotes":""},"class_list":["post-763","page","type-page","status-publish","hentry"],"_links":{"self":[{"href":"https:\/\/areducons.com\/index.php\/wp-json\/wp\/v2\/pages\/763","targetHints":{"allow":["GET"]}}],"collection":[{"href":"https:\/\/areducons.com\/index.php\/wp-json\/wp\/v2\/pages"}],"about":[{"href":"https:\/\/areducons.com\/index.php\/wp-json\/wp\/v2\/types\/page"}],"author":[{"embeddable":true,"href":"https:\/\/areducons.com\/index.php\/wp-json\/wp\/v2\/users\/1"}],"replies":[{"embeddable":true,"href":"https:\/\/areducons.com\/index.php\/wp-json\/wp\/v2\/comments?post=763"}],"version-history":[{"count":10,"href":"https:\/\/areducons.com\/index.php\/wp-json\/wp\/v2\/pages\/763\/revisions"}],"predecessor-version":[{"id":823,"href":"https:\/\/areducons.com\/index.php\/wp-json\/wp\/v2\/pages\/763\/revisions\/823"}],"up":[{"embeddable":true,"href":"https:\/\/areducons.com\/index.php\/wp-json\/wp\/v2\/pages\/538"}],"wp:attachment":[{"href":"https:\/\/areducons.com\/index.php\/wp-json\/wp\/v2\/media?parent=763"}],"curies":[{"name":"wp","href":"https:\/\/api.w.org\/{rel}","templated":true}]}}